{"id":5533,"date":"2023-03-20T17:44:24","date_gmt":"2023-03-20T17:44:24","guid":{"rendered":"http:\/\/www.amegabiotech.com\/?page_id=5533"},"modified":"2024-07-22T18:15:47","modified_gmt":"2024-07-22T18:15:47","slug":"linea-etica","status":"publish","type":"page","link":"https:\/\/amegabiotech.com\/en\/linea-etica\/","title":{"rendered":"L\u00ednea de \u00c9tica"},"content":{"rendered":"<div data-elementor-type=\"wp-page\" data-elementor-id=\"5533\" class=\"elementor elementor-5533\" data-elementor-post-type=\"page\">\n\t\t\t\t\t\t<section class=\"elementor-section elementor-top-section elementor-element elementor-element-bc5bb41 elementor-section-boxed elementor-section-height-default elementor-section-height-default\" data-id=\"bc5bb41\" data-element_type=\"section\" data-e-type=\"section\" data-settings=\"{&quot;jet_parallax_layout_list&quot;:[]}\">\n\t\t\t\t\t\t<div class=\"elementor-container elementor-column-gap-default\">\n\t\t\t\t\t<div class=\"elementor-column elementor-col-100 elementor-top-column elementor-element elementor-element-f8f4dcf\" data-id=\"f8f4dcf\" data-element_type=\"column\" data-e-type=\"column\">\n\t\t\t<div class=\"elementor-widget-wrap elementor-element-populated\">\n\t\t\t\t\t\t<div class=\"elementor-element elementor-element-b6f4bf5 elementor-widget elementor-widget-heading\" data-id=\"b6f4bf5\" data-element_type=\"widget\" data-e-type=\"widget\" data-widget_type=\"heading.default\">\n\t\t\t\t<div class=\"elementor-widget-container\">\n\t\t\t\t\t<h1 class=\"elementor-heading-title elementor-size-default\">L\u00cdNEA DE \u00c9TICA AMEGA BIOTECH<\/h1>\t\t\t\t<\/div>\n\t\t\t\t<\/div>\n\t\t\t\t\t<\/div>\n\t\t<\/div>\n\t\t\t\t\t<\/div>\n\t\t<\/section>\n\t\t\t\t<section class=\"elementor-section elementor-top-section elementor-element elementor-element-b06863f elementor-section-height-min-height elementor-section-boxed elementor-section-height-default elementor-section-items-middle\" data-id=\"b06863f\" data-element_type=\"section\" data-e-type=\"section\" data-settings=\"{&quot;jet_parallax_layout_list&quot;:[],&quot;background_background&quot;:&quot;classic&quot;}\">\n\t\t\t\t\t\t<div class=\"elementor-container elementor-column-gap-default\">\n\t\t\t\t\t<div class=\"elementor-column elementor-col-100 elementor-top-column elementor-element elementor-element-a5f150d\" data-id=\"a5f150d\" data-element_type=\"column\" data-e-type=\"column\">\n\t\t\t<div class=\"elementor-widget-wrap\">\n\t\t\t\t\t\t\t<\/div>\n\t\t<\/div>\n\t\t\t\t\t<\/div>\n\t\t<\/section>\n\t\t\t\t<section class=\"elementor-section elementor-top-section elementor-element elementor-element-dd4f7b1 elementor-section-height-min-height elementor-section-boxed elementor-section-height-default elementor-section-items-middle\" data-id=\"dd4f7b1\" data-element_type=\"section\" data-e-type=\"section\" data-settings=\"{&quot;jet_parallax_layout_list&quot;:[],&quot;background_background&quot;:&quot;classic&quot;}\">\n\t\t\t\t\t\t<div class=\"elementor-container elementor-column-gap-default\">\n\t\t\t\t\t<div class=\"elementor-column elementor-col-100 elementor-top-column elementor-element elementor-element-8cd9de2\" data-id=\"8cd9de2\" data-element_type=\"column\" data-e-type=\"column\" data-settings=\"{&quot;background_background&quot;:&quot;classic&quot;}\">\n\t\t\t<div class=\"elementor-widget-wrap elementor-element-populated\">\n\t\t\t\t\t\t<div class=\"elementor-element elementor-element-28ae994 elementor-widget elementor-widget-heading\" data-id=\"28ae994\" data-element_type=\"widget\" data-e-type=\"widget\" data-widget_type=\"heading.default\">\n\t\t\t\t<div class=\"elementor-widget-container\">\n\t\t\t\t\t<h2 class=\"elementor-heading-title elementor-size-default\">&gt;&gt; <\/br>\nC\u00d3DIGO DE CONDUCTA, C\u00d3DIGO DE \u00c9TICA, PROTOCOLO CONTRA LAS\nVIOLENCIAS<\/h2>\t\t\t\t<\/div>\n\t\t\t\t<\/div>\n\t\t\t\t<div class=\"elementor-element elementor-element-7a0ea03 elementor-widget elementor-widget-text-editor\" data-id=\"7a0ea03\" data-element_type=\"widget\" data-e-type=\"widget\" data-widget_type=\"text-editor.default\">\n\t\t\t\t<div class=\"elementor-widget-container\">\n\t\t\t\t\t\t\t\t\tEn AMEGA BIOTECH contamos con un C\u00f3digo de Conducta, de \u00c9tica y un Protocolo contra las violencias, que detalla nuestros valores comunes que deben ser utilizados como gu\u00eda para la toma de decisiones y acciones dentro de la compa\u00f1\u00eda.\n<\/br><\/br>\nEstos documentos brindan pautas para todos los empleados, gerentes y directores de la compa\u00f1\u00eda, y todos los socios comerciales que realizan negocios en nuestro nombre, incluidos distribuidores, representantes de ventas, consultores y contratistas.\n<\/br><\/br>\nDenunciar posibles violaciones a estos documentos es fundamental para salvaguardar nuestra cultura de trabajo saludable, nuestro negocios, pacientes y terceros; estas denuncias pueden realizarse a trav\u00e9s de la L\u00ednea \u00c9tica de Amega en cualquier momento.\t\t\t\t\t\t\t\t<\/div>\n\t\t\t\t<\/div>\n\t\t\t\t<div class=\"elementor-element elementor-element-b630505 elementor-widget elementor-widget-text-editor\" data-id=\"b630505\" data-element_type=\"widget\" data-e-type=\"widget\" data-widget_type=\"text-editor.default\">\n\t\t\t\t<div class=\"elementor-widget-container\">\n\t\t\t\t\t\t\t\t\t<h4><strong><span style=\"color: #f59627;\">CANAL DE DENUNCIAS:<\/span><\/strong><\/h4><p><strong>Sitio Web:<\/strong><br \/><a href=\"https:\/\/www.resguarda.com\/amegabiotech\">https:\/\/www.resguarda.com\/amegabiotech<\/a><br \/><strong>Tel\u00e9fonos Argentina:<\/strong><br \/><span style=\"color: #f69626;\">0800-999-4636 \/ 0800-122-7374<\/span><strong><br \/>E-mail:<\/strong><br \/><a href=\"mailto:amegabiotech@resguarda.com\"><span style=\"color: #f69626;\">amegabiotech@resguarda.com<\/span><\/a><strong><br \/>Web Corporativo:<br \/><\/strong><a href=\"https:\/\/megalabs.global\/registrar-denuncia\/\">Registrar denuncia &#8211; MEGALABS<\/a><br \/><a href=\"https:\/\/megalabs.global\/gestion-de-denuncias\/\">Gesti\u00f3n de denuncias &#8211; MEGALABS<\/a><br \/><a href=\"https:\/\/megalabs.global\/programa-anticorrupcion\/\">Programa anticorrupci\u00f3n &#8211; MEGALABS<\/a><\/p><p><a href=\"https:\/\/amegabiotech.com\/wp-content\/uploads\/2023\/03\/Codigo-de-Etica.pdf\" target=\"_blank\" rel=\"noopener\"><span style=\"font-size: 20px; color: #7a7a7a;\"><strong>DESCARGAR C\u00d3DIGO DE \u00c9TICA &gt;&gt;<\/strong><\/span><\/a><\/p>\t\t\t\t\t\t\t\t<\/div>\n\t\t\t\t<\/div>\n\t\t\t\t\t<\/div>\n\t\t<\/div>\n\t\t\t\t\t<\/div>\n\t\t<\/section>\n\t\t\t\t<\/div>","protected":false},"excerpt":{"rendered":"<p>L\u00cdNEA DE \u00c9TICA AMEGA BIOTECH >> C\u00d3DIGO DE CONDUCTA, C\u00d3DIGO DE \u00c9TICA, PROTOCOLO CONTRA LAS VIOLENCIAS En AMEGA BIOTECH contamos con un C\u00f3digo de Conducta, de \u00c9tica y un Protocolo contra las violencias, que detalla nuestros valores comunes que deben ser utilizados como gu\u00eda para la toma de decisiones y acciones dentro de la compa\u00f1\u00eda. [&hellip;]<\/p>\n","protected":false},"author":96739696,"featured_media":0,"parent":0,"menu_order":0,"comment_status":"closed","ping_status":"closed","template":"","meta":{"footnotes":""},"class_list":["post-5533","page","type-page","status-publish","hentry"],"_links":{"self":[{"href":"https:\/\/amegabiotech.com\/en\/wp-json\/wp\/v2\/pages\/5533","targetHints":{"allow":["GET"]}}],"collection":[{"href":"https:\/\/amegabiotech.com\/en\/wp-json\/wp\/v2\/pages"}],"about":[{"href":"https:\/\/amegabiotech.com\/en\/wp-json\/wp\/v2\/types\/page"}],"author":[{"embeddable":true,"href":"https:\/\/amegabiotech.com\/en\/wp-json\/wp\/v2\/users\/96739696"}],"replies":[{"embeddable":true,"href":"https:\/\/amegabiotech.com\/en\/wp-json\/wp\/v2\/comments?post=5533"}],"version-history":[{"count":34,"href":"https:\/\/amegabiotech.com\/en\/wp-json\/wp\/v2\/pages\/5533\/revisions"}],"predecessor-version":[{"id":5670,"href":"https:\/\/amegabiotech.com\/en\/wp-json\/wp\/v2\/pages\/5533\/revisions\/5670"}],"wp:attachment":[{"href":"https:\/\/amegabiotech.com\/en\/wp-json\/wp\/v2\/media?parent=5533"}],"curies":[{"name":"wp","href":"https:\/\/api.w.org\/{rel}","templated":true}]}}